{"id":89,"date":"2017-06-16T18:57:36","date_gmt":"2017-06-16T18:57:36","guid":{"rendered":"https:\/\/scholzdieband.wordpress.com\/?page_id=89"},"modified":"2024-10-14T09:09:35","modified_gmt":"2024-10-14T09:09:35","slug":"album-demoband-2014","status":"publish","type":"page","link":"https:\/\/www.scholzband.de\/?page_id=89","title":{"rendered":"Album Demoband"},"content":{"rendered":"<p><iframe loading=\"lazy\" src=\"https:\/\/www.feiyr.com\/de\/widget\/16014\/1\/f7f7f7\/500\/true\/true.html\" width=\"500\" height=\"655\" frameborder=\"1\"><\/iframe><\/p>\n<p>Tracks:<\/p>\n<p>1. Musik ist Macht<br \/>\n2. Sonntagmorgen<br \/>\n3. Wieder frag ich mich<br \/>\n4. Liebeskrank<br \/>\n5. Du liebst mich nicht<br \/>\n6. F\u00fcr all\u00b4 die 1000 M\u00e4dchen<br \/>\n7. Unanst\u00e4ndig tanzen<br \/>\n8. Einen einzigen Tag<br \/>\n9. Vor mir liegt die Stra\u00dfe<\/p>\n<p>Bonusmaterial: Video LIVE in K\u00f6ln &#8211; Ehrenfeld 10:49<br \/>\nBooklet Artwork Idee: Michael Kessel<br \/>\nMusik und Texte aller Songs von Harald Scholz<\/p>\n<p>Produziert von Harald Scholz und Michael Kessel<\/p>\n<p>* Texte von Hans-J\u00f6rg Depel, Textbearbeitung Harald Scholz<\/p>\n","protected":false},"excerpt":{"rendered":"<p>Tracks: 1. Musik ist Macht 2. Sonntagmorgen 3. Wieder frag ich mich 4. Liebeskrank 5. Du liebst mich nicht 6. F\u00fcr all\u00b4 die 1000 M\u00e4dchen 7. Unanst\u00e4ndig tanzen 8. Einen einzigen Tag 9. Vor mir liegt die Stra\u00dfe Bonusmaterial: Video LIVE in K\u00f6ln &#8211; Ehrenfeld 10:49 Booklet Artwork Idee: Michael Kessel Musik und Texte aller &hellip; <a href=\"https:\/\/www.scholzband.de\/?page_id=89\" class=\"more-link\"><span class=\"screen-reader-text\">Album Demoband<\/span> weiterlesen<\/a><\/p>\n","protected":false},"author":2,"featured_media":0,"parent":54,"menu_order":750,"comment_status":"closed","ping_status":"closed","template":"","meta":{"jetpack_post_was_ever_published":false,"footnotes":""},"class_list":["post-89","page","type-page","status-publish","hentry"],"jetpack_sharing_enabled":true,"jetpack_shortlink":"https:\/\/wp.me\/P972Db-1r","jetpack-related-posts":[],"_links":{"self":[{"href":"https:\/\/www.scholzband.de\/index.php?rest_route=\/wp\/v2\/pages\/89","targetHints":{"allow":["GET"]}}],"collection":[{"href":"https:\/\/www.scholzband.de\/index.php?rest_route=\/wp\/v2\/pages"}],"about":[{"href":"https:\/\/www.scholzband.de\/index.php?rest_route=\/wp\/v2\/types\/page"}],"author":[{"embeddable":true,"href":"https:\/\/www.scholzband.de\/index.php?rest_route=\/wp\/v2\/users\/2"}],"replies":[{"embeddable":true,"href":"https:\/\/www.scholzband.de\/index.php?rest_route=%2Fwp%2Fv2%2Fcomments&post=89"}],"version-history":[{"count":13,"href":"https:\/\/www.scholzband.de\/index.php?rest_route=\/wp\/v2\/pages\/89\/revisions"}],"predecessor-version":[{"id":2847,"href":"https:\/\/www.scholzband.de\/index.php?rest_route=\/wp\/v2\/pages\/89\/revisions\/2847"}],"up":[{"embeddable":true,"href":"https:\/\/www.scholzband.de\/index.php?rest_route=\/wp\/v2\/pages\/54"}],"wp:attachment":[{"href":"https:\/\/www.scholzband.de\/index.php?rest_route=%2Fwp%2Fv2%2Fmedia&parent=89"}],"curies":[{"name":"wp","href":"https:\/\/api.w.org\/{rel}","templated":true}]}}