{"id":462,"date":"2017-08-26T10:18:10","date_gmt":"2017-08-26T10:18:10","guid":{"rendered":"http:\/\/wordpress.scholzband.de\/?page_id=462"},"modified":"2024-10-24T15:10:58","modified_gmt":"2024-10-24T15:10:58","slug":"die-band","status":"publish","type":"page","link":"https:\/\/www.scholzband.de\/?page_id=462","title":{"rendered":"Die Band"},"content":{"rendered":"<div>\n<p><span style=\"color: #993366;\"><strong>Handgemacht Musik in deutsch<\/strong><\/span><\/p>\n<p>Frischer Songwriter Rock- Pop aus K\u00f6ln,<br \/>alles verpackt an in einem treibenden Midtempogroove, mal in Rock-Pop, mal in einer gef\u00fchlsvollen Ballade vorgetragen, von einem S\u00e4nger, der wei\u00df wie man seine Stimme dosiert, dass weniger tats\u00e4chlich manchmal mehr ist. Die Band klingt zwar reif und erwachsen, doch nie langweilig, frischer Songwritersound in deutsch.<\/p>\n<p>Die Anf\u00e4nge machte Songschreiber Harald Scholz im K\u00f6lner Domchor, der in jungen Jahren wegen des Stimmbruchs den Chor verlie\u00df und nicht wieder zur\u00fcckkehrte. Er wollte nun seine eigenen Songs schreiben und nicht mehr Latein singen und so begann Scholz mit einer Sch\u00fclerband seine eigene Musik zu machen.<\/p>\n<p>Nach der musikalischen Findungsphase, gr\u00fcndete er 2002 die ScholzBand. Au\u00dfer dem Bassisten, Michael Kessel, \u00e4nderte sich im Laufe der Jahre immer wieder mal die Formation, seit einigen Jahren nun ist Jan Maida (Drums) und Luc Zawieska (Gitarren) mit dabei. Insgesamt hat die Band 3 Alben produziert und \u00fcber 50 Songs ver\u00f6ffentlicht.<\/p>\n<p>Die Texte schreibt Scholz im stillen K\u00e4mmerlein.\u00a0Viele seien fiktiv, einige autobiografisch, aber immer grade aus und auf dem Punkt. Die Songs entwickeln alle Musiker gemeinsam und so steht bei der ScholzBand schon immer die \u201eeigene Sache\u201c im Vordergrund. Nie wird der Versuch unternommen, auf einer aktuellen Trendwelle mitzuschwimmen und daf\u00fcr die Eigenheit (im positiven Sinne) \u00fcber Bord zu werfen.<\/p>\n<p>Mittlerweile ver\u00f6ffentlicht die Band Ihr 5. Album das im November 2024 erscheint.<\/p>\n<p><strong><em>\u201eDie Musik der ScholzBand beginnt in uns zu graben und f\u00f6rdert manchmal Erstaunliches zu Tage.\u201c<\/em><\/strong><\/p>\n<p><span style=\"color: #993366;\"><strong>Musiker:<\/strong><\/span><\/p>\n<p>Harald Scholz \u2013 Gesang, Gitarren, Piano und Songtexte<\/p>\n<p>Michael Kessel \u2013 Bass und Backgroundgesang<\/p>\n<p>Lucjan Zawieska \u2013 Gitarren und Synthesizer<\/p>\n<\/div>\n\n\n<figure class=\"wp-block-image size-large\"><img data-recalc-dims=\"1\" loading=\"lazy\" decoding=\"async\" width=\"683\" height=\"1024\" data-attachment-id=\"2610\" data-permalink=\"https:\/\/www.scholzband.de\/?attachment_id=2610\" data-orig-file=\"https:\/\/i0.wp.com\/www.scholzband.de\/wp-content\/uploads\/2024\/09\/ScholzBand-40-scaled.jpg?fit=1707%2C2560&amp;ssl=1\" data-orig-size=\"1707,2560\" data-comments-opened=\"1\" data-image-meta=\"{&quot;aperture&quot;:&quot;4&quot;,&quot;credit&quot;:&quot;&quot;,&quot;camera&quot;:&quot;Canon EOS 70D&quot;,&quot;caption&quot;:&quot;&quot;,&quot;created_timestamp&quot;:&quot;1724954706&quot;,&quot;copyright&quot;:&quot;&quot;,&quot;focal_length&quot;:&quot;20&quot;,&quot;iso&quot;:&quot;400&quot;,&quot;shutter_speed&quot;:&quot;0.033333333333333&quot;,&quot;title&quot;:&quot;&quot;,&quot;orientation&quot;:&quot;0&quot;}\" data-image-title=\"ScholzBand (40)\" data-image-description=\"\" data-image-caption=\"\" data-medium-file=\"https:\/\/i0.wp.com\/www.scholzband.de\/wp-content\/uploads\/2024\/09\/ScholzBand-40-scaled.jpg?fit=200%2C300&amp;ssl=1\" data-large-file=\"https:\/\/i0.wp.com\/www.scholzband.de\/wp-content\/uploads\/2024\/09\/ScholzBand-40-scaled.jpg?fit=683%2C1024&amp;ssl=1\" tabindex=\"0\" role=\"button\" src=\"https:\/\/i0.wp.com\/www.scholzband.de\/wp-content\/uploads\/2024\/09\/ScholzBand-40.jpg?resize=683%2C1024&#038;ssl=1\" alt=\"\" class=\"wp-image-2610\" srcset=\"https:\/\/i0.wp.com\/www.scholzband.de\/wp-content\/uploads\/2024\/09\/ScholzBand-40-scaled.jpg?resize=683%2C1024&amp;ssl=1 683w, https:\/\/i0.wp.com\/www.scholzband.de\/wp-content\/uploads\/2024\/09\/ScholzBand-40-scaled.jpg?resize=200%2C300&amp;ssl=1 200w, https:\/\/i0.wp.com\/www.scholzband.de\/wp-content\/uploads\/2024\/09\/ScholzBand-40-scaled.jpg?resize=768%2C1152&amp;ssl=1 768w, https:\/\/i0.wp.com\/www.scholzband.de\/wp-content\/uploads\/2024\/09\/ScholzBand-40-scaled.jpg?resize=1024%2C1536&amp;ssl=1 1024w, https:\/\/i0.wp.com\/www.scholzband.de\/wp-content\/uploads\/2024\/09\/ScholzBand-40-scaled.jpg?resize=1365%2C2048&amp;ssl=1 1365w, https:\/\/i0.wp.com\/www.scholzband.de\/wp-content\/uploads\/2024\/09\/ScholzBand-40-scaled.jpg?resize=685%2C1028&amp;ssl=1 685w, https:\/\/i0.wp.com\/www.scholzband.de\/wp-content\/uploads\/2024\/09\/ScholzBand-40-scaled.jpg?resize=2000%2C3000&amp;ssl=1 2000w, https:\/\/i0.wp.com\/www.scholzband.de\/wp-content\/uploads\/2024\/09\/ScholzBand-40-scaled.jpg?w=1707&amp;ssl=1 1707w\" sizes=\"(max-width: 683px) 100vw, 683px\" \/><\/figure>\n\n\n\n<p><\/p>\n\n\n\n<p><\/p>\n","protected":false},"excerpt":{"rendered":"<p>Handgemacht Musik in deutsch Frischer Songwriter Rock- Pop aus K\u00f6ln,alles verpackt an in einem treibenden Midtempogroove, mal in Rock-Pop, mal in einer gef\u00fchlsvollen Ballade vorgetragen, von einem S\u00e4nger, der wei\u00df wie man seine Stimme dosiert, dass weniger tats\u00e4chlich manchmal mehr ist. Die Band klingt zwar reif und erwachsen, doch nie langweilig, frischer Songwritersound in deutsch. &hellip; <a href=\"https:\/\/www.scholzband.de\/?page_id=462\" class=\"more-link\"><span class=\"screen-reader-text\">Die Band<\/span> weiterlesen<\/a><\/p>\n","protected":false},"author":1,"featured_media":0,"parent":0,"menu_order":0,"comment_status":"closed","ping_status":"closed","template":"","meta":{"jetpack_post_was_ever_published":false,"footnotes":""},"class_list":["post-462","page","type-page","status-publish","hentry"],"jetpack_sharing_enabled":true,"jetpack_shortlink":"https:\/\/wp.me\/P972Db-7s","jetpack-related-posts":[],"_links":{"self":[{"href":"https:\/\/www.scholzband.de\/index.php?rest_route=\/wp\/v2\/pages\/462","targetHints":{"allow":["GET"]}}],"collection":[{"href":"https:\/\/www.scholzband.de\/index.php?rest_route=\/wp\/v2\/pages"}],"about":[{"href":"https:\/\/www.scholzband.de\/index.php?rest_route=\/wp\/v2\/types\/page"}],"author":[{"embeddable":true,"href":"https:\/\/www.scholzband.de\/index.php?rest_route=\/wp\/v2\/users\/1"}],"replies":[{"embeddable":true,"href":"https:\/\/www.scholzband.de\/index.php?rest_route=%2Fwp%2Fv2%2Fcomments&post=462"}],"version-history":[{"count":58,"href":"https:\/\/www.scholzband.de\/index.php?rest_route=\/wp\/v2\/pages\/462\/revisions"}],"predecessor-version":[{"id":2901,"href":"https:\/\/www.scholzband.de\/index.php?rest_route=\/wp\/v2\/pages\/462\/revisions\/2901"}],"wp:attachment":[{"href":"https:\/\/www.scholzband.de\/index.php?rest_route=%2Fwp%2Fv2%2Fmedia&parent=462"}],"curies":[{"name":"wp","href":"https:\/\/api.w.org\/{rel}","templated":true}]}}