{"id":1073,"date":"2017-09-19T14:18:51","date_gmt":"2017-09-19T14:18:51","guid":{"rendered":"http:\/\/www.scholzband.de\/?page_id=1073"},"modified":"2024-09-21T08:36:56","modified_gmt":"2024-09-21T08:36:56","slug":"live","status":"publish","type":"page","link":"https:\/\/www.scholzband.de\/?page_id=1073","title":{"rendered":"Tour"},"content":{"rendered":"<p><strong>2025 \u00a0 \u00a0 \u00a0 \u00a0 \u00a0 \u00a0 in Planung\u00a0<\/strong><\/p>\n<p>14.12.2019\u00a0\u00a0 Wohnzimmerkonzert K\u00f6ln<\/p>\n<p>16.11.2019 \u00a0 Vint\u00e4sch Aachen\/Stolberg<\/p>\n<p>19.09.2019\u00a0\u00a0 Jameson Pub K\u00f6ln, <span class=\"LrzXr\">Friesenstra\u00dfe 30-40, 50670 K\u00f6ln<\/span><\/p>\n<p>16.08.2019\u00a0\u00a0 Wohnzimmerkonzert K\u00f6ln<\/p>\n<p>16.01.2019\u00a0\u00a0 Wohnzimmerkonzert Bergheim<\/p>\n<p>10.11.2018 \u00a0 Pulheim Medienzentrum, Steinstr. 19.00 Uhr<\/p>\n<p>26.10.2018 \u00a0 Wohnzimmerkonzert<\/p>\n<p>09.06.2018 \u00a0 D\u00fcnnwalder Musiknacht 20.00 Uhr<\/p>\n<p>14.10.2017 \u00a0 Zoo Wupperthal 20.00 Uhr<\/p>\n<p>19.08.2017 \u00a0 Medienzentrum Pulheim 19.00 Uhr<\/p>\n<p><img data-recalc-dims=\"1\" loading=\"lazy\" decoding=\"async\" data-attachment-id=\"2428\" data-permalink=\"https:\/\/www.scholzband.de\/?attachment_id=2428\" data-orig-file=\"https:\/\/i0.wp.com\/www.scholzband.de\/wp-content\/uploads\/2019\/09\/ScholzBand-K\u00f6lnTicket.png?fit=251%2C201&amp;ssl=1\" data-orig-size=\"251,201\" data-comments-opened=\"1\" data-image-meta=\"{&quot;aperture&quot;:&quot;0&quot;,&quot;credit&quot;:&quot;&quot;,&quot;camera&quot;:&quot;&quot;,&quot;caption&quot;:&quot;&quot;,&quot;created_timestamp&quot;:&quot;0&quot;,&quot;copyright&quot;:&quot;&quot;,&quot;focal_length&quot;:&quot;0&quot;,&quot;iso&quot;:&quot;0&quot;,&quot;shutter_speed&quot;:&quot;0&quot;,&quot;title&quot;:&quot;&quot;,&quot;orientation&quot;:&quot;0&quot;}\" data-image-title=\"ScholzBand K\u00f6lnTicket\" data-image-description=\"\" data-image-caption=\"\" data-medium-file=\"https:\/\/i0.wp.com\/www.scholzband.de\/wp-content\/uploads\/2019\/09\/ScholzBand-K\u00f6lnTicket.png?fit=251%2C201&amp;ssl=1\" data-large-file=\"https:\/\/i0.wp.com\/www.scholzband.de\/wp-content\/uploads\/2019\/09\/ScholzBand-K\u00f6lnTicket.png?fit=251%2C201&amp;ssl=1\" tabindex=\"0\" role=\"button\" class=\"size-full wp-image-2428 alignnone\" src=\"https:\/\/i0.wp.com\/www.scholzband.de\/wp-content\/uploads\/2019\/09\/ScholzBand-K\u00f6lnTicket.png?resize=251%2C201\" alt=\"\" width=\"251\" height=\"201\" \/> <img data-recalc-dims=\"1\" loading=\"lazy\" decoding=\"async\" data-attachment-id=\"2427\" data-permalink=\"https:\/\/www.scholzband.de\/?attachment_id=2427\" data-orig-file=\"https:\/\/i0.wp.com\/www.scholzband.de\/wp-content\/uploads\/2019\/09\/ScholzBand-Eventim.png?fit=307%2C164&amp;ssl=1\" data-orig-size=\"307,164\" data-comments-opened=\"1\" data-image-meta=\"{&quot;aperture&quot;:&quot;0&quot;,&quot;credit&quot;:&quot;&quot;,&quot;camera&quot;:&quot;&quot;,&quot;caption&quot;:&quot;&quot;,&quot;created_timestamp&quot;:&quot;0&quot;,&quot;copyright&quot;:&quot;&quot;,&quot;focal_length&quot;:&quot;0&quot;,&quot;iso&quot;:&quot;0&quot;,&quot;shutter_speed&quot;:&quot;0&quot;,&quot;title&quot;:&quot;&quot;,&quot;orientation&quot;:&quot;0&quot;}\" data-image-title=\"ScholzBand Eventim\" data-image-description=\"\" data-image-caption=\"\" data-medium-file=\"https:\/\/i0.wp.com\/www.scholzband.de\/wp-content\/uploads\/2019\/09\/ScholzBand-Eventim.png?fit=300%2C160&amp;ssl=1\" data-large-file=\"https:\/\/i0.wp.com\/www.scholzband.de\/wp-content\/uploads\/2019\/09\/ScholzBand-Eventim.png?fit=307%2C164&amp;ssl=1\" tabindex=\"0\" role=\"button\" class=\"alignleft size-full wp-image-2427\" src=\"https:\/\/i0.wp.com\/www.scholzband.de\/wp-content\/uploads\/2019\/09\/ScholzBand-Eventim.png?resize=307%2C164\" alt=\"\" width=\"307\" height=\"164\" srcset=\"https:\/\/i0.wp.com\/www.scholzband.de\/wp-content\/uploads\/2019\/09\/ScholzBand-Eventim.png?w=307&amp;ssl=1 307w, https:\/\/i0.wp.com\/www.scholzband.de\/wp-content\/uploads\/2019\/09\/ScholzBand-Eventim.png?resize=300%2C160&amp;ssl=1 300w\" sizes=\"(max-width: 307px) 100vw, 307px\" \/><\/p>\n<p><iframe style=\"border: none; width: 325px; height: 106px;\" src=\"https:\/\/www.sofaconcerts.org\/external\/artist\/widget?widget_id=2&amp;uuid=7476bfbc-4806-4217-bf5b-00d579e3a6f5&amp;lang=de\"><\/iframe><\/p>\n<p>Booking unter: scholzmusik@web.de<\/p>\n<p><img data-recalc-dims=\"1\" loading=\"lazy\" decoding=\"async\" data-attachment-id=\"2631\" data-permalink=\"https:\/\/www.scholzband.de\/?attachment_id=2631\" data-orig-file=\"https:\/\/i0.wp.com\/www.scholzband.de\/wp-content\/uploads\/2024\/09\/ScholzBand-47-scaled.jpg?fit=2560%2C1707&amp;ssl=1\" data-orig-size=\"2560,1707\" data-comments-opened=\"1\" data-image-meta=\"{&quot;aperture&quot;:&quot;4.5&quot;,&quot;credit&quot;:&quot;&quot;,&quot;camera&quot;:&quot;Canon EOS 70D&quot;,&quot;caption&quot;:&quot;&quot;,&quot;created_timestamp&quot;:&quot;1724955455&quot;,&quot;copyright&quot;:&quot;&quot;,&quot;focal_length&quot;:&quot;19&quot;,&quot;iso&quot;:&quot;100&quot;,&quot;shutter_speed&quot;:&quot;0.016666666666667&quot;,&quot;title&quot;:&quot;&quot;,&quot;orientation&quot;:&quot;0&quot;}\" data-image-title=\"ScholzBand (47)\" data-image-description=\"\" data-image-caption=\"\" data-medium-file=\"https:\/\/i0.wp.com\/www.scholzband.de\/wp-content\/uploads\/2024\/09\/ScholzBand-47-scaled.jpg?fit=300%2C200&amp;ssl=1\" data-large-file=\"https:\/\/i0.wp.com\/www.scholzband.de\/wp-content\/uploads\/2024\/09\/ScholzBand-47-scaled.jpg?fit=685%2C457&amp;ssl=1\" tabindex=\"0\" role=\"button\" class=\"alignleft size-large wp-image-2631\" src=\"https:\/\/i0.wp.com\/www.scholzband.de\/wp-content\/uploads\/2024\/09\/ScholzBand-47.jpg?resize=685%2C457&#038;ssl=1\" alt=\"\" width=\"685\" height=\"457\" srcset=\"https:\/\/i0.wp.com\/www.scholzband.de\/wp-content\/uploads\/2024\/09\/ScholzBand-47-scaled.jpg?resize=1024%2C683&amp;ssl=1 1024w, https:\/\/i0.wp.com\/www.scholzband.de\/wp-content\/uploads\/2024\/09\/ScholzBand-47-scaled.jpg?resize=300%2C200&amp;ssl=1 300w, https:\/\/i0.wp.com\/www.scholzband.de\/wp-content\/uploads\/2024\/09\/ScholzBand-47-scaled.jpg?resize=768%2C512&amp;ssl=1 768w, https:\/\/i0.wp.com\/www.scholzband.de\/wp-content\/uploads\/2024\/09\/ScholzBand-47-scaled.jpg?resize=1536%2C1024&amp;ssl=1 1536w, https:\/\/i0.wp.com\/www.scholzband.de\/wp-content\/uploads\/2024\/09\/ScholzBand-47-scaled.jpg?resize=2048%2C1365&amp;ssl=1 2048w, https:\/\/i0.wp.com\/www.scholzband.de\/wp-content\/uploads\/2024\/09\/ScholzBand-47-scaled.jpg?resize=685%2C457&amp;ssl=1 685w, https:\/\/i0.wp.com\/www.scholzband.de\/wp-content\/uploads\/2024\/09\/ScholzBand-47-scaled.jpg?resize=2000%2C1333&amp;ssl=1 2000w, https:\/\/i0.wp.com\/www.scholzband.de\/wp-content\/uploads\/2024\/09\/ScholzBand-47-scaled.jpg?resize=342%2C228&amp;ssl=1 342w, https:\/\/i0.wp.com\/www.scholzband.de\/wp-content\/uploads\/2024\/09\/ScholzBand-47-scaled.jpg?w=1370&amp;ssl=1 1370w\" sizes=\"(max-width: 685px) 100vw, 685px\" \/><\/p>\n<p style=\"text-align: left;\"><img data-recalc-dims=\"1\" loading=\"lazy\" decoding=\"async\" data-attachment-id=\"2628\" data-permalink=\"https:\/\/www.scholzband.de\/?attachment_id=2628\" data-orig-file=\"https:\/\/i0.wp.com\/www.scholzband.de\/wp-content\/uploads\/2024\/09\/ScholzBand-32-scaled.jpg?fit=1707%2C2560&amp;ssl=1\" data-orig-size=\"1707,2560\" data-comments-opened=\"1\" data-image-meta=\"{&quot;aperture&quot;:&quot;4.5&quot;,&quot;credit&quot;:&quot;&quot;,&quot;camera&quot;:&quot;Canon EOS 70D&quot;,&quot;caption&quot;:&quot;&quot;,&quot;created_timestamp&quot;:&quot;1724954490&quot;,&quot;copyright&quot;:&quot;&quot;,&quot;focal_length&quot;:&quot;35&quot;,&quot;iso&quot;:&quot;500&quot;,&quot;shutter_speed&quot;:&quot;0.02&quot;,&quot;title&quot;:&quot;&quot;,&quot;orientation&quot;:&quot;0&quot;}\" data-image-title=\"ScholzBand (32)\" data-image-description=\"\" data-image-caption=\"\" data-medium-file=\"https:\/\/i0.wp.com\/www.scholzband.de\/wp-content\/uploads\/2024\/09\/ScholzBand-32-scaled.jpg?fit=200%2C300&amp;ssl=1\" data-large-file=\"https:\/\/i0.wp.com\/www.scholzband.de\/wp-content\/uploads\/2024\/09\/ScholzBand-32-scaled.jpg?fit=683%2C1024&amp;ssl=1\" tabindex=\"0\" role=\"button\" class=\"alignleft size-large wp-image-2628\" src=\"https:\/\/i0.wp.com\/www.scholzband.de\/wp-content\/uploads\/2024\/09\/ScholzBand-32.jpg?resize=683%2C1024&#038;ssl=1\" alt=\"\" width=\"683\" height=\"1024\" srcset=\"https:\/\/i0.wp.com\/www.scholzband.de\/wp-content\/uploads\/2024\/09\/ScholzBand-32-scaled.jpg?resize=683%2C1024&amp;ssl=1 683w, https:\/\/i0.wp.com\/www.scholzband.de\/wp-content\/uploads\/2024\/09\/ScholzBand-32-scaled.jpg?resize=200%2C300&amp;ssl=1 200w, https:\/\/i0.wp.com\/www.scholzband.de\/wp-content\/uploads\/2024\/09\/ScholzBand-32-scaled.jpg?resize=768%2C1152&amp;ssl=1 768w, https:\/\/i0.wp.com\/www.scholzband.de\/wp-content\/uploads\/2024\/09\/ScholzBand-32-scaled.jpg?resize=1024%2C1536&amp;ssl=1 1024w, https:\/\/i0.wp.com\/www.scholzband.de\/wp-content\/uploads\/2024\/09\/ScholzBand-32-scaled.jpg?resize=1365%2C2048&amp;ssl=1 1365w, https:\/\/i0.wp.com\/www.scholzband.de\/wp-content\/uploads\/2024\/09\/ScholzBand-32-scaled.jpg?resize=685%2C1028&amp;ssl=1 685w, https:\/\/i0.wp.com\/www.scholzband.de\/wp-content\/uploads\/2024\/09\/ScholzBand-32-scaled.jpg?resize=2000%2C3000&amp;ssl=1 2000w, https:\/\/i0.wp.com\/www.scholzband.de\/wp-content\/uploads\/2024\/09\/ScholzBand-32-scaled.jpg?w=1707&amp;ssl=1 1707w\" sizes=\"(max-width: 683px) 100vw, 683px\" \/><\/p>\n\n\n<p><\/p>\n","protected":false},"excerpt":{"rendered":"<p>2025 \u00a0 \u00a0 \u00a0 \u00a0 \u00a0 \u00a0 in Planung\u00a0 14.12.2019\u00a0\u00a0 Wohnzimmerkonzert K\u00f6ln 16.11.2019 \u00a0 Vint\u00e4sch Aachen\/Stolberg 19.09.2019\u00a0\u00a0 Jameson Pub K\u00f6ln, Friesenstra\u00dfe 30-40, 50670 K\u00f6ln 16.08.2019\u00a0\u00a0 Wohnzimmerkonzert K\u00f6ln 16.01.2019\u00a0\u00a0 Wohnzimmerkonzert Bergheim 10.11.2018 \u00a0 Pulheim Medienzentrum, Steinstr. 19.00 Uhr 26.10.2018 \u00a0 Wohnzimmerkonzert 09.06.2018 \u00a0 D\u00fcnnwalder Musiknacht 20.00 Uhr 14.10.2017 \u00a0 Zoo Wupperthal 20.00 Uhr 19.08.2017 \u00a0 Medienzentrum &hellip; <a href=\"https:\/\/www.scholzband.de\/?page_id=1073\" class=\"more-link\"><span class=\"screen-reader-text\">Tour<\/span> weiterlesen<\/a><\/p>\n","protected":false},"author":1,"featured_media":0,"parent":0,"menu_order":0,"comment_status":"closed","ping_status":"closed","template":"","meta":{"jetpack_post_was_ever_published":false,"footnotes":""},"class_list":["post-1073","page","type-page","status-publish","hentry"],"jetpack_sharing_enabled":true,"jetpack_shortlink":"https:\/\/wp.me\/P972Db-hj","jetpack-related-posts":[],"_links":{"self":[{"href":"https:\/\/www.scholzband.de\/index.php?rest_route=\/wp\/v2\/pages\/1073","targetHints":{"allow":["GET"]}}],"collection":[{"href":"https:\/\/www.scholzband.de\/index.php?rest_route=\/wp\/v2\/pages"}],"about":[{"href":"https:\/\/www.scholzband.de\/index.php?rest_route=\/wp\/v2\/types\/page"}],"author":[{"embeddable":true,"href":"https:\/\/www.scholzband.de\/index.php?rest_route=\/wp\/v2\/users\/1"}],"replies":[{"embeddable":true,"href":"https:\/\/www.scholzband.de\/index.php?rest_route=%2Fwp%2Fv2%2Fcomments&post=1073"}],"version-history":[{"count":48,"href":"https:\/\/www.scholzband.de\/index.php?rest_route=\/wp\/v2\/pages\/1073\/revisions"}],"predecessor-version":[{"id":2781,"href":"https:\/\/www.scholzband.de\/index.php?rest_route=\/wp\/v2\/pages\/1073\/revisions\/2781"}],"wp:attachment":[{"href":"https:\/\/www.scholzband.de\/index.php?rest_route=%2Fwp%2Fv2%2Fmedia&parent=1073"}],"curies":[{"name":"wp","href":"https:\/\/api.w.org\/{rel}","templated":true}]}}